{"id":5549,"date":"2026-03-09T11:40:40","date_gmt":"2026-03-09T14:40:40","guid":{"rendered":"https:\/\/hopeforgabriel.com\/projetos-da-associacao\/os-cols-do-sopro\/"},"modified":"2026-03-09T12:01:29","modified_gmt":"2026-03-09T15:01:29","slug":"os-cols-do-sopro","status":"publish","type":"page","link":"https:\/\/hopeforgabriel.com\/pt-br\/projetos-da-associacao\/os-cols-do-sopro\/","title":{"rendered":"Os Cols do Sopro"},"content":{"rendered":"\t\t<div data-elementor-type=\"wp-page\" data-elementor-id=\"5549\" class=\"elementor elementor-5549 elementor-5535\" data-elementor-post-type=\"page\">\n\t\t\t\t<div class=\"elementor-element elementor-element-1a8dc10 e-flex e-con-boxed e-con e-parent\" data-id=\"1a8dc10\" data-element_type=\"container\" data-e-type=\"container\" data-settings=\"{&quot;background_background&quot;:&quot;classic&quot;}\">\n\t\t\t\t\t<div class=\"e-con-inner\">\n\t\t\t\t<div class=\"elementor-element elementor-element-ac9fa3c elementor-widget elementor-widget-heading\" data-id=\"ac9fa3c\" data-element_type=\"widget\" data-e-type=\"widget\" data-widget_type=\"heading.default\">\n\t\t\t\t<div class=\"elementor-widget-container\">\n\t\t\t\t\t<h1 class=\"elementor-heading-title elementor-size-default\">Os Cols do Sopro<\/h1>\t\t\t\t<\/div>\n\t\t\t\t<\/div>\n\t\t\t\t\t<\/div>\n\t\t\t\t<\/div>\n\t\t<div class=\"elementor-element elementor-element-1822bfc e-flex e-con-boxed e-con e-parent\" data-id=\"1822bfc\" data-element_type=\"container\" data-e-type=\"container\" data-settings=\"{&quot;background_background&quot;:&quot;classic&quot;}\">\n\t\t\t\t\t<div class=\"e-con-inner\">\n\t\t\t\t<div class=\"elementor-element elementor-element-1726b963 elementor-widget elementor-widget-text-editor\" data-id=\"1726b963\" data-element_type=\"widget\" data-e-type=\"widget\" data-widget_type=\"text-editor.default\">\n\t\t\t\t<div class=\"elementor-widget-container\">\n\t\t\t\t\t\t\t\t\t<p><strong>Les Cols du Souffle<\/strong> \u00e9 um projeto solid\u00e1rio que visa conscientizar o grande p\u00fablico sobre a <strong>bronquiolite obliterante<\/strong>, uma doen\u00e7a pulmonar rara e grave que dificulta a respira\u00e7\u00e3o em crian\u00e7as. O projeto assume a forma de um desafio esportivo: Robert, 67 anos e av\u00f4 de Gabruel, que \u00e9 acometido por essa doen\u00e7a, planeja <strong>atravessar os Alpes de bicicleta em 2026<\/strong>, sozinho e sem assist\u00eancia, em um percurso de cerca de <strong>911 km e mais de 20.000 m de desn\u00edvel<\/strong> entre Belleville-en-Beaujolais e Nice.   <\/p><p>O objetivo desta aventura \u00e9 <strong>divulgar essa doen\u00e7a rara, apoiar as fam\u00edlias afetadas e arrecadar fundos para a associa\u00e7\u00e3o Hope For Gabriel<\/strong>, que ajuda as crian\u00e7as afetadas e incentiva a pesquisa e a solidariedade em torno dessas patologias respirat\u00f3rias<\/p><p>Visite o site: <a href=\"https:\/\/www.lescolsdusouffle.com\" target=\"_blank\" rel=\"noopener\">https:\/\/www.lescolsdusouffle.com<\/a><\/p>\t\t\t\t\t\t\t\t<\/div>\n\t\t\t\t<\/div>\n\t\t\t\t\t<\/div>\n\t\t\t\t<\/div>\n\t\t\t\t<\/div>\n\t\t","protected":false},"excerpt":{"rendered":"<p>Les Cols du Souffle \u00e9 um projeto solid\u00e1rio que visa conscientizar o grande p\u00fablico sobre a bronquiolite obliterante, uma doen\u00e7a pulmonar rara e grave que dificulta a respira\u00e7\u00e3o em crian\u00e7as. O projeto assume a forma de um desafio esportivo: Robert, 67 anos e av\u00f4 de Gabruel, que \u00e9 acometido por essa doen\u00e7a, planeja atravessar os [&hellip;]<\/p>\n","protected":false},"author":1,"featured_media":0,"parent":5540,"menu_order":0,"comment_status":"closed","ping_status":"closed","template":"","meta":{"_seopress_robots_primary_cat":"","_seopress_titles_title":"","_seopress_titles_desc":"","_seopress_robots_index":"","iawp_total_views":0,"footnotes":""},"class_list":["post-5549","page","type-page","status-publish","hentry"],"_links":{"self":[{"href":"https:\/\/hopeforgabriel.com\/pt-br\/wp-json\/wp\/v2\/pages\/5549","targetHints":{"allow":["GET"]}}],"collection":[{"href":"https:\/\/hopeforgabriel.com\/pt-br\/wp-json\/wp\/v2\/pages"}],"about":[{"href":"https:\/\/hopeforgabriel.com\/pt-br\/wp-json\/wp\/v2\/types\/page"}],"author":[{"embeddable":true,"href":"https:\/\/hopeforgabriel.com\/pt-br\/wp-json\/wp\/v2\/users\/1"}],"replies":[{"embeddable":true,"href":"https:\/\/hopeforgabriel.com\/pt-br\/wp-json\/wp\/v2\/comments?post=5549"}],"version-history":[{"count":4,"href":"https:\/\/hopeforgabriel.com\/pt-br\/wp-json\/wp\/v2\/pages\/5549\/revisions"}],"predecessor-version":[{"id":5583,"href":"https:\/\/hopeforgabriel.com\/pt-br\/wp-json\/wp\/v2\/pages\/5549\/revisions\/5583"}],"up":[{"embeddable":true,"href":"https:\/\/hopeforgabriel.com\/pt-br\/wp-json\/wp\/v2\/pages\/5540"}],"wp:attachment":[{"href":"https:\/\/hopeforgabriel.com\/pt-br\/wp-json\/wp\/v2\/media?parent=5549"}],"curies":[{"name":"wp","href":"https:\/\/api.w.org\/{rel}","templated":true}]}}