{"id":5547,"date":"2026-03-09T11:41:21","date_gmt":"2026-03-09T14:41:21","guid":{"rendered":"https:\/\/hopeforgabriel.com\/projetos-da-associacao\/comunidade-bo\/"},"modified":"2026-03-11T17:58:32","modified_gmt":"2026-03-11T20:58:32","slug":"comunidade-bo","status":"publish","type":"page","link":"https:\/\/hopeforgabriel.com\/pt-br\/projetos-da-associacao\/comunidade-bo\/","title":{"rendered":"Comunidade BO"},"content":{"rendered":"\t\t<div data-elementor-type=\"wp-page\" data-elementor-id=\"5547\" class=\"elementor elementor-5547 elementor-5543\" data-elementor-post-type=\"page\">\n\t\t\t\t<div class=\"elementor-element elementor-element-b4327b9 e-flex e-con-boxed e-con e-parent\" data-id=\"b4327b9\" data-element_type=\"container\" data-e-type=\"container\" data-settings=\"{&quot;background_background&quot;:&quot;classic&quot;}\">\n\t\t\t\t\t<div class=\"e-con-inner\">\n\t\t\t\t<div class=\"elementor-element elementor-element-160636a elementor-widget elementor-widget-heading\" data-id=\"160636a\" data-element_type=\"widget\" data-e-type=\"widget\" data-widget_type=\"heading.default\">\n\t\t\t\t<div class=\"elementor-widget-container\">\n\t\t\t\t\t<h1 class=\"elementor-heading-title elementor-size-default\">Comunidade BO<\/h1>\t\t\t\t<\/div>\n\t\t\t\t<\/div>\n\t\t\t\t\t<\/div>\n\t\t\t\t<\/div>\n\t\t<div class=\"elementor-element elementor-element-d92086e e-flex e-con-boxed e-con e-parent\" data-id=\"d92086e\" data-element_type=\"container\" data-e-type=\"container\" data-settings=\"{&quot;background_background&quot;:&quot;classic&quot;}\">\n\t\t\t\t\t<div class=\"e-con-inner\">\n\t\t\t\t<div class=\"elementor-element elementor-element-47e0c9f elementor-widget elementor-widget-text-editor\" data-id=\"47e0c9f\" data-element_type=\"widget\" data-e-type=\"widget\" data-widget_type=\"text-editor.default\">\n\t\t\t\t<div class=\"elementor-widget-container\">\n\t\t\t\t\t\t\t\t\t<p><strong>BO Community<\/strong> \u00e9 uma <strong>plataforma comunit\u00e1ria internacional<\/strong> dedicada \u00e0s pessoas afetadas pela <strong>bronquiolite obliterante<\/strong>, uma doen\u00e7a pulmonar rara e grave. O site tem como objetivo <strong>centralizar as informa\u00e7\u00f5es e criar um espa\u00e7o de apoio m\u00fatuo entre fam\u00edlias, pacientes e profissionais de sa\u00fade<\/strong>.  <\/p><p>A plataforma permite, em especial, <strong>compartilhar relatos de pacientes, fazer perguntas, acessar recursos m\u00e9dicos (medicamentos, cuidados, especialistas, hospitais) e encontrar links \u00fateis para estudos, associa\u00e7\u00f5es ou grupos de apoio<\/strong>. Ela busca romper o isolamento das fam\u00edlias que enfrentam essa doen\u00e7a e incentivar a troca de experi\u00eancias em n\u00edvel internacional.  <\/p><p>O projeto \u00e9 apoiado pela associa\u00e7\u00e3o <strong>Hope for Gabriel<\/strong> e faz parte de uma iniciativa mais ampla de <strong>conscientiza\u00e7\u00e3o, informa\u00e7\u00e3o e conex\u00e3o da comunidade mundial envolvida com a bronquiolite obliterante<\/strong>.<\/p><p>Site: <a href=\"https:\/\/www.bocommunity.org\/\" target=\"_blank\" rel=\"noopener\">https:\/\/www.bocommunity.org\/<\/a><\/p><p class=\"p1\"> <\/p>\t\t\t\t\t\t\t\t<\/div>\n\t\t\t\t<\/div>\n\t\t\t\t\t<\/div>\n\t\t\t\t<\/div>\n\t\t\t\t<\/div>\n\t\t","protected":false},"excerpt":{"rendered":"<p>BO Community \u00e9 uma plataforma comunit\u00e1ria internacional dedicada \u00e0s pessoas afetadas pela bronquiolite obliterante, uma doen\u00e7a pulmonar rara e grave. O site tem como objetivo centralizar as informa\u00e7\u00f5es e criar um espa\u00e7o de apoio m\u00fatuo entre fam\u00edlias, pacientes e profissionais de sa\u00fade. A plataforma permite, em especial, compartilhar relatos de pacientes, fazer perguntas, acessar recursos [&hellip;]<\/p>\n","protected":false},"author":1,"featured_media":0,"parent":5540,"menu_order":0,"comment_status":"closed","ping_status":"closed","template":"","meta":{"_seopress_robots_primary_cat":"","_seopress_titles_title":"","_seopress_titles_desc":"","_seopress_robots_index":"","iawp_total_views":1,"footnotes":""},"class_list":["post-5547","page","type-page","status-publish","hentry"],"_links":{"self":[{"href":"https:\/\/hopeforgabriel.com\/pt-br\/wp-json\/wp\/v2\/pages\/5547","targetHints":{"allow":["GET"]}}],"collection":[{"href":"https:\/\/hopeforgabriel.com\/pt-br\/wp-json\/wp\/v2\/pages"}],"about":[{"href":"https:\/\/hopeforgabriel.com\/pt-br\/wp-json\/wp\/v2\/types\/page"}],"author":[{"embeddable":true,"href":"https:\/\/hopeforgabriel.com\/pt-br\/wp-json\/wp\/v2\/users\/1"}],"replies":[{"embeddable":true,"href":"https:\/\/hopeforgabriel.com\/pt-br\/wp-json\/wp\/v2\/comments?post=5547"}],"version-history":[{"count":4,"href":"https:\/\/hopeforgabriel.com\/pt-br\/wp-json\/wp\/v2\/pages\/5547\/revisions"}],"predecessor-version":[{"id":5595,"href":"https:\/\/hopeforgabriel.com\/pt-br\/wp-json\/wp\/v2\/pages\/5547\/revisions\/5595"}],"up":[{"embeddable":true,"href":"https:\/\/hopeforgabriel.com\/pt-br\/wp-json\/wp\/v2\/pages\/5540"}],"wp:attachment":[{"href":"https:\/\/hopeforgabriel.com\/pt-br\/wp-json\/wp\/v2\/media?parent=5547"}],"curies":[{"name":"wp","href":"https:\/\/api.w.org\/{rel}","templated":true}]}}