{"id":4467,"date":"2025-12-02T10:42:21","date_gmt":"2025-12-02T13:42:21","guid":{"rendered":"https:\/\/hopeforgabriel.com\/relatorio-de-despesas-e-doacoes-arrecadadas\/"},"modified":"2026-04-01T16:35:46","modified_gmt":"2026-04-01T19:35:46","slug":"relatorio-de-despesas-e-doacoes-arrecadadas","status":"publish","type":"page","link":"https:\/\/hopeforgabriel.com\/pt-br\/relatorio-de-despesas-e-doacoes-arrecadadas\/","title":{"rendered":"Relat\u00f3rio de despesas e doa\u00e7\u00f5es arrecadadas"},"content":{"rendered":"\t\t<div data-elementor-type=\"wp-page\" data-elementor-id=\"4467\" class=\"elementor elementor-4467 elementor-4455\" data-elementor-post-type=\"page\">\n\t\t\t\t<div class=\"elementor-element elementor-element-20a2b66 e-flex e-con-boxed e-con e-parent\" data-id=\"20a2b66\" data-element_type=\"container\" data-e-type=\"container\" data-settings=\"{&quot;background_background&quot;:&quot;classic&quot;}\">\n\t\t\t\t\t<div class=\"e-con-inner\">\n\t\t\t\t<div class=\"elementor-element elementor-element-9864a4e elementor-widget elementor-widget-heading\" data-id=\"9864a4e\" data-element_type=\"widget\" data-e-type=\"widget\" data-widget_type=\"heading.default\">\n\t\t\t\t<div class=\"elementor-widget-container\">\n\t\t\t\t\t<h1 class=\"elementor-heading-title elementor-size-default\">Relat\u00f3rio de despesas e doa\u00e7\u00f5es arrecadadas<\/h1>\t\t\t\t<\/div>\n\t\t\t\t<\/div>\n\t\t\t\t\t<\/div>\n\t\t\t\t<\/div>\n\t\t<div class=\"elementor-element elementor-element-281de3f e-flex e-con-boxed e-con e-parent\" data-id=\"281de3f\" data-element_type=\"container\" data-e-type=\"container\">\n\t\t\t\t\t<div class=\"e-con-inner\">\n\t\t\t\t<div class=\"elementor-element elementor-element-2148ed21 elementor-widget elementor-widget-text-editor\" data-id=\"2148ed21\" data-element_type=\"widget\" data-e-type=\"widget\" data-widget_type=\"text-editor.default\">\n\t\t\t\t<div class=\"elementor-widget-container\">\n\t\t\t\t\t\t\t\t\t<p>As despesas incluem tudo relacionado \u00e0 hospitaliza\u00e7\u00e3o do Gabriel, ou seja:<\/p>\n<ul>\n<li>tudo o que o seguro n\u00e3o cobre (detalhes na p\u00e1gina <a href=\"https:\/\/hopeforgabriel.com\/pt-br\/doar\/\" target=\"_blank\" rel=\"noopener\">doa\u00e7\u00f5es<\/a>)<\/li>\n<li>o custo do pr\u00f3prio seguro,<\/li>\n<li>as despesas adicionais relacionadas \u00e0 nossa instala\u00e7\u00e3o na cidade para que Gabriel possa receber os cuidados, como o aluguel e os encargos anexos, enquanto nossa casa nos espera (cerca de 4.000 reais\/m\u00eas) <\/li>\n<\/ul>\n<p>As despesas n\u00e3o incluem as de Manuela.<\/p>\n<p>As doa\u00e7\u00f5es incluem as doa\u00e7\u00f5es feitas:<\/p>\n<ul>\n<li>na conta HelloAsso na Fran\u00e7a&nbsp;<\/li>\n<li>por Pix no Brasil<\/li>\n<li>por Paypal em d\u00f3lares<\/li>\n<\/ul>\n<div>Eles s\u00e3o convertidos em reais geralmente no primeiro dia do m\u00eas.<\/div>\t\t\t\t\t\t\t\t<\/div>\n\t\t\t\t<\/div>\n\t\t\t\t<div class=\"elementor-element elementor-element-086dbcc elementor-widget-divider--view-line elementor-widget elementor-widget-divider\" data-id=\"086dbcc\" data-element_type=\"widget\" data-e-type=\"widget\" data-widget_type=\"divider.default\">\n\t\t\t\t<div class=\"elementor-widget-container\">\n\t\t\t\t\t\t\t<div class=\"elementor-divider\">\n\t\t\t<span class=\"elementor-divider-separator\">\n\t\t\t\t\t\t<\/span>\n\t\t<\/div>\n\t\t\t\t\t\t<\/div>\n\t\t\t\t<\/div>\n\t\t\t\t<div class=\"elementor-element elementor-element-e6b69b1 elementor-widget elementor-widget-text-editor\" data-id=\"e6b69b1\" data-element_type=\"widget\" data-e-type=\"widget\" data-widget_type=\"text-editor.default\">\n\t\t\t\t<div class=\"elementor-widget-container\">\n\t\t\t\t\t\t\t\t\t<h3>Mar\u00e7o de 2026<\/h3><p>Despesas: R$ 31.234<br>Doa\u00e7\u00f5es: R$ 4.158<\/p><h3>Fevereiro de 2026<\/h3><p>Despesas: R$ 26.845<br>Doa\u00e7\u00f5es: R$ 9.742<\/p><h3>Janeiro de 2026<\/h3><p>Despesas: R$ 28.467<br>Doa\u00e7\u00f5es: R$ 7.655<\/p><h3>Dezembro de 2025<\/h3><p>Despesas: R$ 30.802<br>Doa\u00e7\u00f5es: R$ 47.781<\/p><h3>Novembro de 2025<\/h3><p>Despesas: R$ 33.662<br>Doa\u00e7\u00f5es: R$ 30.759<\/p><h3>Abril a Outubro de 2025<\/h3><p>Despesas: R$ 107.125<br><em>(sem contar as despesas de Manuela que ainda n\u00e3o foram contabilizadas)<\/em><br>Doa\u00e7\u00f5es: R$ 0<\/p>\t\t\t\t\t\t\t\t<\/div>\n\t\t\t\t<\/div>\n\t\t\t\t\t<\/div>\n\t\t\t\t<\/div>\n\t\t\t\t<\/div>\n\t\t","protected":false},"excerpt":{"rendered":"<p>Relat\u00f3rio de despesas e doa\u00e7\u00f5es arrecadadas As despesas incluem tudo relacionado \u00e0 hospitaliza\u00e7\u00e3o do Gabriel, ou seja: tudo o que o seguro n\u00e3o cobre (detalhes na p\u00e1gina doa\u00e7\u00f5es) o custo do pr\u00f3prio seguro, as despesas adicionais relacionadas \u00e0 nossa instala\u00e7\u00e3o na cidade para que Gabriel possa receber os cuidados, como o aluguel e os encargos [&hellip;]<\/p>\n","protected":false},"author":1,"featured_media":0,"parent":0,"menu_order":0,"comment_status":"closed","ping_status":"closed","template":"","meta":{"_seopress_robots_primary_cat":"","_seopress_titles_title":"","_seopress_titles_desc":"","_seopress_robots_index":"sim","iawp_total_views":29,"footnotes":""},"class_list":["post-4467","page","type-page","status-publish","hentry"],"_links":{"self":[{"href":"https:\/\/hopeforgabriel.com\/pt-br\/wp-json\/wp\/v2\/pages\/4467","targetHints":{"allow":["GET"]}}],"collection":[{"href":"https:\/\/hopeforgabriel.com\/pt-br\/wp-json\/wp\/v2\/pages"}],"about":[{"href":"https:\/\/hopeforgabriel.com\/pt-br\/wp-json\/wp\/v2\/types\/page"}],"author":[{"embeddable":true,"href":"https:\/\/hopeforgabriel.com\/pt-br\/wp-json\/wp\/v2\/users\/1"}],"replies":[{"embeddable":true,"href":"https:\/\/hopeforgabriel.com\/pt-br\/wp-json\/wp\/v2\/comments?post=4467"}],"version-history":[{"count":7,"href":"https:\/\/hopeforgabriel.com\/pt-br\/wp-json\/wp\/v2\/pages\/4467\/revisions"}],"predecessor-version":[{"id":5668,"href":"https:\/\/hopeforgabriel.com\/pt-br\/wp-json\/wp\/v2\/pages\/4467\/revisions\/5668"}],"wp:attachment":[{"href":"https:\/\/hopeforgabriel.com\/pt-br\/wp-json\/wp\/v2\/media?parent=4467"}],"curies":[{"name":"wp","href":"https:\/\/api.w.org\/{rel}","templated":true}]}}