{"id":2518,"date":"2025-08-17T19:08:59","date_gmt":"2025-08-17T22:08:59","guid":{"rendered":"https:\/\/hopeforgabriel.com\/sobre-nos-2\/"},"modified":"2026-01-31T16:58:00","modified_gmt":"2026-01-31T19:58:00","slug":"sobre-nos-2","status":"publish","type":"page","link":"https:\/\/hopeforgabriel.com\/pt-br\/sobre-nos-2\/","title":{"rendered":"Para venda"},"content":{"rendered":"\t\t<div data-elementor-type=\"wp-page\" data-elementor-id=\"2518\" class=\"elementor elementor-2518 elementor-2514\" data-elementor-post-type=\"page\">\n\t\t\t\t<div class=\"elementor-element elementor-element-e7c513f e-flex e-con-boxed e-con e-parent\" data-id=\"e7c513f\" data-element_type=\"container\" data-e-type=\"container\" data-settings=\"{&quot;background_background&quot;:&quot;classic&quot;}\">\n\t\t\t\t\t<div class=\"e-con-inner\">\n\t\t\t\t<div class=\"elementor-element elementor-element-842ec07 elementor-widget elementor-widget-heading\" data-id=\"842ec07\" data-element_type=\"widget\" data-e-type=\"widget\" data-widget_type=\"heading.default\">\n\t\t\t\t<div class=\"elementor-widget-container\">\n\t\t\t\t\t<h1 class=\"elementor-heading-title elementor-size-default\">Para venda<\/h1>\t\t\t\t<\/div>\n\t\t\t\t<\/div>\n\t\t\t\t<div class=\"elementor-element elementor-element-a4c6a98 elementor-widget elementor-widget-text-editor\" data-id=\"a4c6a98\" data-element_type=\"widget\" data-e-type=\"widget\" data-widget_type=\"text-editor.default\">\n\t\t\t\t<div class=\"elementor-widget-container\">\n\t\t\t\t\t\t\t\t\t<p class=\"p1\">Como nosso seguro de sa\u00fade n\u00e3o cobre o custo total, temos que pagar por alguns dos cuidados essenciais do Gabriel.<\/p><p class=\"p1\">Para continuarmos avan\u00e7ando, precisamos nos desfazer de alguns equipamentos e encontrar novas maneiras de arrecadar os fundos necess\u00e1rios.<\/p>\t\t\t\t\t\t\t\t<\/div>\n\t\t\t\t<\/div>\n\t\t\t\t<div class=\"elementor-element elementor-element-8045721 elementor-widget elementor-widget-heading\" data-id=\"8045721\" data-element_type=\"widget\" data-e-type=\"widget\" data-widget_type=\"heading.default\">\n\t\t\t\t<div class=\"elementor-widget-container\">\n\t\t\t\t\t<h4 class=\"elementor-heading-title elementor-size-default\">Equipamento de kitesurfe<\/h4>\t\t\t\t<\/div>\n\t\t\t\t<\/div>\n\t\t\t\t<div class=\"elementor-element elementor-element-7248908 elementor-widget elementor-widget-text-editor\" data-id=\"7248908\" data-element_type=\"widget\" data-e-type=\"widget\" data-widget_type=\"text-editor.default\">\n\t\t\t\t<div class=\"elementor-widget-container\">\n\t\t\t\t\t\t\t\t\t<p class=\"p1\"><strong>Kitesurf Eleveight WS 5m V2 2019 + Bar CV vary 4 &#8211; Prea<\/strong><\/p><p><a href=\"https:\/\/www.facebook.com\/share\/1D92hqnmGP\/\" target=\"_blank\" rel=\"noopener sponsored\">https:\/\/www.facebook.com\/share\/1D92hqnmGP\/<\/a><\/p><p class=\"p1\"><strong>Kitesurf Eleveight RS 9m 2021 V4 + Bar CV vary 4 &#8211; Prea<\/strong><\/p><p><a href=\"https:\/\/www.facebook.com\/share\/1C7rwj4vxi\/\" target=\"_blank\" rel=\"noopener sponsored\">https:\/\/www.facebook.com\/share\/1C7rwj4vxi\/<\/a><\/p><p class=\"p1\"><strong>Arn\u00eas ION REVOX RED 28-31 INCH &#8211; Prea  <\/strong><\/p><p class=\"p1\"><a href=\"https:\/\/www.facebook.com\/share\/19fprEU4g6\/\" target=\"_blank\" rel=\"noopener noreferrer\">https:\/\/www.facebook.com\/share\/19fprEU4g6\/<\/a><\/p><p class=\"p1\"><strong>Arn\u00eas ION RIVAL 54 XL 34-37 INCH &#8211; Prea<\/strong><\/p><p class=\"p1\"><a href=\"https:\/\/www.facebook.com\/marketplace\/item\/1355408216213700\" target=\"_blank\" rel=\"noopener noreferrer\">https:\/\/www.facebook.com\/marketplace\/item\/1355408216213700<\/a><\/p><p class=\"p1\"><strong>Bomba cabrinha padr\u00e3o &#8211; Prea<\/strong><\/p><p class=\"p1\"><a href=\"https:\/\/www.facebook.com\/share\/16ooR2zjt6\/\" target=\"_blank\" rel=\"noopener noreferrer\">https:\/\/www.facebook.com\/share\/16ooR2zjt6\/<\/a><\/p>\t\t\t\t\t\t\t\t<\/div>\n\t\t\t\t<\/div>\n\t\t\t\t<div class=\"elementor-element elementor-element-73de4c7 elementor-widget elementor-widget-heading\" data-id=\"73de4c7\" data-element_type=\"widget\" data-e-type=\"widget\" data-widget_type=\"heading.default\">\n\t\t\t\t<div class=\"elementor-widget-container\">\n\t\t\t\t\t<h4 class=\"elementor-heading-title elementor-size-default\">Bicicleta<\/h4>\t\t\t\t<\/div>\n\t\t\t\t<\/div>\n\t\t\t\t<div class=\"elementor-element elementor-element-622e009 elementor-widget elementor-widget-text-editor\" data-id=\"622e009\" data-element_type=\"widget\" data-e-type=\"widget\" data-widget_type=\"text-editor.default\">\n\t\t\t\t<div class=\"elementor-widget-container\">\n\t\t\t\t\t\t\t\t\t<p><strong>Bicicleta Oggi Hacker HDS &#8211; Barrinha<\/strong><\/p><p><a href=\"https:\/\/www.facebook.com\/marketplace\/item\/748070755061040\" target=\"_blank\" rel=\"noopener\">https:\/\/www.facebook.com\/marketplace\/item\/748070755061040<\/a><\/p>\t\t\t\t\t\t\t\t<\/div>\n\t\t\t\t<\/div>\n\t\t\t\t<div class=\"elementor-element elementor-element-e1e8c93 elementor-widget elementor-widget-heading\" data-id=\"e1e8c93\" data-element_type=\"widget\" data-e-type=\"widget\" data-widget_type=\"heading.default\">\n\t\t\t\t<div class=\"elementor-widget-container\">\n\t\t\t\t\t<h4 class=\"elementor-heading-title elementor-size-default\">Beleza<\/h4>\t\t\t\t<\/div>\n\t\t\t\t<\/div>\n\t\t\t\t<div class=\"elementor-element elementor-element-12c2622 elementor-widget elementor-widget-text-editor\" data-id=\"12c2622\" data-element_type=\"widget\" data-e-type=\"widget\" data-widget_type=\"text-editor.default\">\n\t\t\t\t<div class=\"elementor-widget-container\">\n\t\t\t\t\t\t\t\t\t<p><strong>Depilador a Laser Philips Lumea IPL<\/strong><\/p><p><a href=\"https:\/\/www.facebook.com\/share\/17Tyrv1FgZ\/\" target=\"_blank\" rel=\"noopener\">https:\/\/www.facebook.com\/share\/17Tyrv1FgZ\/<\/a><\/p>\t\t\t\t\t\t\t\t<\/div>\n\t\t\t\t<\/div>\n\t\t\t\t<div class=\"elementor-element elementor-element-ed6eedf elementor-widget elementor-widget-heading\" data-id=\"ed6eedf\" data-element_type=\"widget\" data-e-type=\"widget\" data-widget_type=\"heading.default\">\n\t\t\t\t<div class=\"elementor-widget-container\">\n\t\t\t\t\t<h4 class=\"elementor-heading-title elementor-size-default\">Eletr\u00f4nicos \/ V\u00eddeo \/ Foto<\/h4>\t\t\t\t<\/div>\n\t\t\t\t<\/div>\n\t\t\t\t<div class=\"elementor-element elementor-element-4b81e73 elementor-widget elementor-widget-text-editor\" data-id=\"4b81e73\" data-element_type=\"widget\" data-e-type=\"widget\" data-widget_type=\"text-editor.default\">\n\t\t\t\t<div class=\"elementor-widget-container\">\n\t\t\t\t\t\t\t\t\t<p><strong>Computador Notebook Positivo Vision C15M Minitela Celeron, 8GB 128GB Tela 15.6&#8243; HD Antirreflexo &#8211; Fortaleza<\/strong><\/p><p><a href=\"https:\/\/www.facebook.com\/marketplace\/item\/1358681202514322\" target=\"_blank\" rel=\"noopener\">https:\/\/www.facebook.com\/marketplace\/item\/1358681202514322<\/a><\/p>\t\t\t\t\t\t\t\t<\/div>\n\t\t\t\t<\/div>\n\t\t\t\t\t<\/div>\n\t\t\t\t<\/div>\n\t\t\t\t<\/div>\n\t\t","protected":false},"excerpt":{"rendered":"<p>Para venda Como nosso seguro de sa\u00fade n\u00e3o cobre o custo total, temos que pagar por alguns dos cuidados essenciais do Gabriel. Para continuarmos avan\u00e7ando, precisamos nos desfazer de alguns equipamentos e encontrar novas maneiras de arrecadar os fundos necess\u00e1rios. Equipamento de kitesurfe Kitesurf Eleveight WS 5m V2 2019 + Bar CV vary 4 &#8211; [&hellip;]<\/p>\n","protected":false},"author":1,"featured_media":0,"parent":0,"menu_order":10,"comment_status":"closed","ping_status":"closed","template":"","meta":{"_seopress_robots_primary_cat":"","_seopress_titles_title":"","_seopress_titles_desc":"","_seopress_robots_index":"","_seopress_analysis_target_kw":"","iawp_total_views":125,"footnotes":""},"class_list":["post-2518","page","type-page","status-publish","hentry"],"_links":{"self":[{"href":"https:\/\/hopeforgabriel.com\/pt-br\/wp-json\/wp\/v2\/pages\/2518","targetHints":{"allow":["GET"]}}],"collection":[{"href":"https:\/\/hopeforgabriel.com\/pt-br\/wp-json\/wp\/v2\/pages"}],"about":[{"href":"https:\/\/hopeforgabriel.com\/pt-br\/wp-json\/wp\/v2\/types\/page"}],"author":[{"embeddable":true,"href":"https:\/\/hopeforgabriel.com\/pt-br\/wp-json\/wp\/v2\/users\/1"}],"replies":[{"embeddable":true,"href":"https:\/\/hopeforgabriel.com\/pt-br\/wp-json\/wp\/v2\/comments?post=2518"}],"version-history":[{"count":5,"href":"https:\/\/hopeforgabriel.com\/pt-br\/wp-json\/wp\/v2\/pages\/2518\/revisions"}],"predecessor-version":[{"id":5235,"href":"https:\/\/hopeforgabriel.com\/pt-br\/wp-json\/wp\/v2\/pages\/2518\/revisions\/5235"}],"wp:attachment":[{"href":"https:\/\/hopeforgabriel.com\/pt-br\/wp-json\/wp\/v2\/media?parent=2518"}],"curies":[{"name":"wp","href":"https:\/\/api.w.org\/{rel}","templated":true}]}}