{"id":124,"date":"2025-05-10T12:55:41","date_gmt":"2025-05-10T15:55:41","guid":{"rendered":"https:\/\/hopeforgabriel.com\/sobre-nos\/"},"modified":"2026-05-06T21:19:18","modified_gmt":"2026-05-07T00:19:18","slug":"sobre-nos","status":"publish","type":"page","link":"https:\/\/hopeforgabriel.com\/pt-br\/sobre-nos\/","title":{"rendered":"Sobre n\u00f3s"},"content":{"rendered":"\t\t<div data-elementor-type=\"wp-page\" data-elementor-id=\"124\" class=\"elementor elementor-124 elementor-49\" data-elementor-post-type=\"page\">\n\t\t\t\t<div class=\"elementor-element elementor-element-f6ab231 e-flex e-con-boxed e-con e-parent\" data-id=\"f6ab231\" data-element_type=\"container\" data-e-type=\"container\" data-settings=\"{&quot;background_background&quot;:&quot;classic&quot;}\">\n\t\t\t\t\t<div class=\"e-con-inner\">\n\t\t\t\t<div class=\"elementor-element elementor-element-842ec07 elementor-widget elementor-widget-heading\" data-id=\"842ec07\" data-element_type=\"widget\" data-e-type=\"widget\" data-widget_type=\"heading.default\">\n\t\t\t\t<div class=\"elementor-widget-container\">\n\t\t\t\t\t<h1 class=\"elementor-heading-title elementor-size-default\">Sobre o Gabriel \u2013 Um breve hist\u00f3rico<\/h1>\t\t\t\t<\/div>\n\t\t\t\t<\/div>\n\t\t\t\t\t<\/div>\n\t\t\t\t<\/div>\n\t\t<div class=\"elementor-element elementor-element-e7c513f e-flex e-con-boxed e-con e-parent\" data-id=\"e7c513f\" data-element_type=\"container\" data-e-type=\"container\" data-settings=\"{&quot;background_background&quot;:&quot;classic&quot;}\">\n\t\t\t\t\t<div class=\"e-con-inner\">\n\t\t\t\t<div class=\"elementor-element elementor-element-7248908 elementor-widget elementor-widget-text-editor\" data-id=\"7248908\" data-element_type=\"widget\" data-e-type=\"widget\" data-widget_type=\"text-editor.default\">\n\t\t\t\t<div class=\"elementor-widget-container\">\n\t\t\t\t\t\t\t\t\t<p class=\"p1\">Gabriel nasceu em 6 de abril de 2025, \u00e0s 8h35, em Fortaleza, no Brasil.<\/p><p>Filho de Manuela, uma brasileira do Cear\u00e1, e Johann, um franc\u00eas.<\/p><p>Gabriel viveu 3 belas semanas e ent\u00e3o\u2026<\/p><p class=\"p1\">No dia 24 de abril, ele come\u00e7ou a apresentar sinais de resfriado.<\/p><p class=\"p1\">Na manh\u00e3 de 28 de abril, fomos ao hospital.<br>Fomos aconselhados a voltar para casa.<\/p><p class=\"p1\">Naquela mesma noite, o estado dele piorou. Ele foi internado com bronquiolite. <\/p><p class=\"p1\">No dia 3 de maio, os m\u00e9dicos diagnosticaram uma pneumonia viral e bacteriana. Ele foi intubado e levado para a UTI naquela mesma noite. <\/p><p class=\"p1\">No dia 13 de maio, ele foi colocado em ECMO, pois a respira\u00e7\u00e3o artificial j\u00e1 n\u00e3o era mais suficiente. Primeira vez que essa m\u00e1quina \u00e9 usada para um beb\u00ea neste hospital.<\/p><p class=\"p1\">Em 14 de maio, soube-se que ele contraiu um Staphylococcus hominis ssp. hominis, presente desde pelo menos 6 de maio, data em que uma amostra havia sido coletada. Muito provavelmente foi contra\u00eddo no hospital. Parece ser de tratamento simples.   <\/p><p class=\"p1\"><span style=\"font-family: -apple-system, BlinkMacSystemFont, 'Segoe UI', Roboto, 'Helvetica Neue', Arial, 'Noto Sans', sans-serif, 'Apple Color Emoji', 'Segoe UI Emoji', 'Segoe UI Symbol', 'Noto Color Emoji';\">Em 18 de maio, a ECMO foi retirada. Essa m\u00e1quina impressionante salvou a vida dele ao substituir temporariamente os pulm\u00f5es, mas causou danos a \u00f3rg\u00e3os como o f\u00edgado e os rins. <\/span><\/p><p class=\"p1\">Em 20 de maio, soube-se que ele havia contra\u00eddo uma Stenotrophomonas maltophilia, uma bact\u00e9ria presente nos pulm\u00f5es, muito provavelmente adquirida no hospital. Ela j\u00e1 estava presente pelo menos desde 12 de maio, de acordo com os resultados da hemocultura. Os antibi\u00f3ticos parecem estar funcionando.  <\/p><p class=\"p1\">Em 20 de maio, foi iniciada uma di\u00e1lise peritoneal para ajudar a aliviar a carga sobre os rins dele.<b><\/b><\/p><p>No dia 27 de maio, a situa\u00e7\u00e3o dele(a) vem melhorando h\u00e1 alguns dias. A di\u00e1lise foi retirada. <\/p><p>Em 31 de maio, foi realizado um exame de t\u00f3rax que mostrou danos significativos aos pulm\u00f5es. Gabriel ter\u00e1 que ficar mais tempo na UTI e os cuidados ter\u00e3o que ser adaptados. <\/p><p>06 de junho: Pela primeira vez, sua CRP\/CRP voltou ao normal &lt;5  <\/p><p>Em 07 de junho, um pneumot\u00f3rax foi detectado e tratado com 24 horas de oxig\u00eanio a 100%. Esse tratamento parece ter funcionado. Ele ainda tem atelectasia.  <\/p><p>Em 12 de junho, ele deveria ter iniciado a pulsoterapia para reduzir a inflama\u00e7\u00e3o em seus pulm\u00f5es, mas ela foi cancelada porque foi encontrada uma bact\u00e9ria.<\/p><p>Em 13 de junho, a nova bact\u00e9ria foi nomeada: Klebsiella pneumoniae ssp. pneumoniae <\/p><p>Em 19 de junho, as bact\u00e9rias pareciam apenas coloniz\u00e1-lo, sem causar nenhuma infec\u00e7\u00e3o. A pulsoterapia come\u00e7ou! <\/p><p>A pulsoterapia termina em 21 de junho.<\/p><p>Em 25 de junho, uma tomografia de acompanhamento revelou melhora acentuada nos pulm\u00f5es, mas 2 atelectasias e uma cicatriz.<\/p><p>Em 3 de julho, ap\u00f3s 2 meses, ele foi extubado e colocado em uma c\u00e2nula nasal de alto fluxo.<\/p><p>Em 5 de julho, sua PCR voltou a subir para 15 e depois para 24, ent\u00e3o decidiram reiniciar os antibi\u00f3ticos.<\/p><p>Em 09 de julho, a hemocultura de 4 de julho mostrou que Klebsiella pneumoniae ssp. pneumoniae o estava infectando. Felizmente, ele est\u00e1 tomando meropenem desde domingo.  <\/p><p>Em 9 de julho, ap\u00f3s um pequeno pico de febre, uma hemocultura foi repetida.<\/p><p>Em 10 de julho, seu PCR caiu.<br>Uma sa\u00edda da UTI est\u00e1 planejada para amanh\u00e3.<\/p><p>Em 11 de julho, Gabriel teve dificuldade para respirar pela c\u00e2nula. Ele voltou a usar a c\u00e2nula de alto fluxo. <\/p><p>Em 12 de julho, Gabriel foi submetido a uma bronquioscopia, que n\u00e3o revelou les\u00f5es nos br\u00f4nquios principais dos pulm\u00f5es. Aparentemente, ele est\u00e1 com fraqueza muscular e n\u00e3o consegue respirar sozinho.<br>A hemocultura feita em 09\/07 mostra que ele est\u00e1 novamente com a bact\u00e9ria Staphylococcus hominis ssp. hominis, que j\u00e1 foi tratada com Vancomine injet\u00e1vel desde domingo.<br>Seu PCR voltou ao normal.  <\/p><p>Em 19 de julho, ele iniciou um tratamento antif\u00fangico porque tinha manchas estranhas na pele. Foi feita uma hemocultura. Um segundo pulsouretrograma est\u00e1 sendo considerado, pois ele est\u00e1 respirando com uma corrente de ar moderada quando est\u00e1 acordado. Ele permanece com sua c\u00e2nula de alto fluxo, com 1 litro de oxig\u00eanio e 8 litros de ar.   <\/p><p>Em 24 de julho, a hemocultura do dia 19 n\u00e3o mostrou infec\u00e7\u00e3o.<\/p><p>Um programa de pulsoterapia de tr\u00eas dias come\u00e7ou em 25 de julho.<\/p><p>Em 30 de julho, um pneumologista veio v\u00ea-lo e diagnosticou bronquiolite obliterante.<br>No mesmo dia, Gabriel voltou a usar uma c\u00e2nula nasal simples de oxig\u00eanio, a 3l, depois 2l e, por fim, 1l.<\/p><p>Em 31 de julho, ele saiu da terapia intensiva ap\u00f3s 90 dias!  <br>Ele est\u00e1 agora em seu quarto, ainda com um tubo de alimenta\u00e7\u00e3o e oxig\u00eanio por meio de uma c\u00e2nula simples.<\/p><p>Em 22\/08, eles testaram a VNI via Philips Trilogy 100 para ver se ela poderia ajud\u00e1-lo a recuperar seu conforto respirat\u00f3rio a longo prazo e fortalecer seus pulm\u00f5es.  <\/p><p>Em 25\/08, ele iniciou seu terceiro tratamento de pulsoterapia de tr\u00eas dias.<\/p><p>Em 27\/08, ele foi equipado com um Triology Evo, que foi ajustado por um fisioterapeuta externo, e ele est\u00e1 muito mais confort\u00e1vel com as sess\u00f5es de apoio para fortalecer seus pulm\u00f5es.<\/p><p>Em 09\/07, ele foi submetido a uma tomografia computadorizada do pesco\u00e7o, t\u00f3rax e c\u00e9rebro. O c\u00e9rebro n\u00e3o parece ter nenhuma les\u00e3o. <\/p><p>Em 09\/08, um m\u00e9dico nos disse que iria iniciar o procedimento de solicita\u00e7\u00e3o junto \u00e0s autoridades para obter tudo o que \u00e9 necess\u00e1rio para o atendimento domiciliar. Lista de coisas feitas por um pneumologista com &#8220;risco vital&#8221; escrito no final da lista. <\/p><p>Em 09\/08, entramos em contato com um especialista em infec\u00e7\u00f5es externas para pedir ajuda. Ele pediu exames gen\u00e9ticos e vacinas, al\u00e9m de uma emerg\u00eancia absoluta para tentar remover a sonda g\u00e1strica. Observe que est\u00e1vamos pedindo esses exames h\u00e1 meses, seguindo a orienta\u00e7\u00e3o do hospital de Lyon (Dr. Philippe Reix).  <\/p><p>Em 09\/12, a administra\u00e7\u00e3o do hospital veio nos dizer que a operadora do plano de sa\u00fade estava recusando parte do pacote de atendimento domiciliar do Gabriel e que eles estavam tentando obt\u00ea-lo.<\/p><p>Em 13\/09, os resultados de sangue solicitados pelo especialista em infec\u00e7\u00f5es pareciam mostrar um problema de imunidade.<\/p><p>Em 14\/09, os resultados das fezes mostraram uma infec\u00e7\u00e3o por CLOSTRIDIUM DIFFICILE<\/p><p class=\"p1\">No dia 24 de setembro, Gabriel <span class=\"s1\"><b>finalmente<\/b><\/span> saiu do hospital com assist\u00eancia de oxig\u00eanio, uma sonda g\u00e1strica para se alimentar e um forte atraso motor, com at\u00e9, segundo alguns especialistas, poss\u00edveis danos neurol\u00f3gicos sendo cogitados.<\/p><p class=\"p1\">Seu diagn\u00f3stico hoje \u00e9 claro<\/p><p class=\"p3\"><b>Bronquiolite obliterante p\u00f3s-infecciosa.<\/b><b><\/b><\/p><p>Em 19 de dezembro de 2025, a sonda g\u00e1strica foi retirada.<\/p><p class=\"p1\">Em 04 de abril de 2026, ele agora pode viver sem oxig\u00eanio.<\/p>\t\t\t\t\t\t\t\t<\/div>\n\t\t\t\t<\/div>\n\t\t\t\t\t<\/div>\n\t\t\t\t<\/div>\n\t\t\t\t<\/div>\n\t\t","protected":false},"excerpt":{"rendered":"<p>Sobre o Gabriel \u2013 Um breve hist\u00f3rico Gabriel nasceu em 6 de abril de 2025, \u00e0s 8h35, em Fortaleza, no Brasil. Filho de Manuela, uma brasileira do Cear\u00e1, e Johann, um franc\u00eas. Gabriel viveu 3 belas semanas e ent\u00e3o\u2026 No dia 24 de abril, ele come\u00e7ou a apresentar sinais de resfriado. Na manh\u00e3 de 28 [&hellip;]<\/p>\n","protected":false},"author":1,"featured_media":0,"parent":0,"menu_order":6,"comment_status":"closed","ping_status":"closed","template":"","meta":{"_seopress_robots_primary_cat":"","_seopress_titles_title":"","_seopress_titles_desc":"","_seopress_robots_index":"","_seopress_analysis_target_kw":"","iawp_total_views":262,"footnotes":""},"class_list":["post-124","page","type-page","status-publish","hentry"],"_links":{"self":[{"href":"https:\/\/hopeforgabriel.com\/pt-br\/wp-json\/wp\/v2\/pages\/124","targetHints":{"allow":["GET"]}}],"collection":[{"href":"https:\/\/hopeforgabriel.com\/pt-br\/wp-json\/wp\/v2\/pages"}],"about":[{"href":"https:\/\/hopeforgabriel.com\/pt-br\/wp-json\/wp\/v2\/types\/page"}],"author":[{"embeddable":true,"href":"https:\/\/hopeforgabriel.com\/pt-br\/wp-json\/wp\/v2\/users\/1"}],"replies":[{"embeddable":true,"href":"https:\/\/hopeforgabriel.com\/pt-br\/wp-json\/wp\/v2\/comments?post=124"}],"version-history":[{"count":3,"href":"https:\/\/hopeforgabriel.com\/pt-br\/wp-json\/wp\/v2\/pages\/124\/revisions"}],"predecessor-version":[{"id":5965,"href":"https:\/\/hopeforgabriel.com\/pt-br\/wp-json\/wp\/v2\/pages\/124\/revisions\/5965"}],"wp:attachment":[{"href":"https:\/\/hopeforgabriel.com\/pt-br\/wp-json\/wp\/v2\/media?parent=124"}],"curies":[{"name":"wp","href":"https:\/\/api.w.org\/{rel}","templated":true}]}}