{"id":100,"date":"2025-05-10T13:27:29","date_gmt":"2025-05-10T13:27:29","guid":{"rendered":"https:\/\/hopeforgabriel.com\/?page_id=100"},"modified":"2025-05-10T13:30:59","modified_gmt":"2025-05-10T13:30:59","slug":"salmo-91","status":"publish","type":"page","link":"https:\/\/hopeforgabriel.com\/pt-br\/salmo-91\/","title":{"rendered":"Salmo 91"},"content":{"rendered":"\t\t<div data-elementor-type=\"wp-page\" data-elementor-id=\"100\" class=\"elementor elementor-100\" data-elementor-post-type=\"page\">\n\t\t\t\t<div class=\"elementor-element elementor-element-dd50726 e-flex e-con-boxed e-con e-parent\" data-id=\"dd50726\" data-element_type=\"container\" data-e-type=\"container\" data-settings=\"{&quot;background_background&quot;:&quot;classic&quot;}\">\n\t\t\t\t\t<div class=\"e-con-inner\">\n\t\t\t\t<div class=\"elementor-element elementor-element-0177189 elementor-widget elementor-widget-heading\" data-id=\"0177189\" data-element_type=\"widget\" data-e-type=\"widget\" data-widget_type=\"heading.default\">\n\t\t\t\t<div class=\"elementor-widget-container\">\n\t\t\t\t\t<h1 class=\"elementor-heading-title elementor-size-default\">Salmo 91<\/h1>\t\t\t\t<\/div>\n\t\t\t\t<\/div>\n\t\t\t\t<div class=\"elementor-element elementor-element-26850eca elementor-widget elementor-widget-text-editor\" data-id=\"26850eca\" data-element_type=\"widget\" data-e-type=\"widget\" data-widget_type=\"text-editor.default\">\n\t\t\t\t<div class=\"elementor-widget-container\">\n\t\t\t\t\t\t\t\t\t\n<p>1. Aquele que habita no esconderijo do Alt\u00edssimo, \u00e0 sombra do Onipotente descansar\u00e1.<\/p>\n<p>2. Direi do Senhor: Ele \u00e9 o meu Deus, o meu ref\u00fagio, a minha fortaleza, e nele confiarei.<\/p>\n<p>3. Porque ele te livrar\u00e1 do la\u00e7o do passarinheiro e da peste perniciosa.<\/p>\n<p>4. Ele te cobrir\u00e1 com as suas penas, e, debaixo das suas asas, te confiar\u00e1s; a sua verdade ser\u00e1 o teu escudo e broquel.<\/p>\n<p>5. N\u00e3o ter\u00e1s medo do terror de noite nem da seta que voa de dia,<\/p>\n<p>6. nem da peste que anda na escurid\u00e3o, nem da mortandade que assola ao meio-dia.<\/p>\n<p>7. Mil cair\u00e3o ao teu lado, e dez mil, \u00e0 tua direita, mas n\u00e3o chegar\u00e1 a ti.<\/p>\n<p>8. Somente com os teus olhos olhar\u00e1s e ver\u00e1s a recompensa dos \u00edmpios.<\/p>\n<p>9. Porque tu, \u00f3 Senhor, \u00e9s o meu ref\u00fagio! O Alt\u00edssimo \u00e9 a tua habita\u00e7\u00e3o.<\/p>\n<p>10. Nenhum mal te suceder\u00e1, nem praga alguma chegar\u00e1 \u00e0 tua tenda.<\/p>\n<p>11. Porque aos seus anjos dar\u00e1 ordem a teu respeito, para te guardarem em todos os teus caminhos.<\/p>\n<p>12. Eles te sustentar\u00e3o nas suas m\u00e3os, para que n\u00e3o tropeces com o teu p\u00e9 em pedra.<\/p>\n<p>13. Pisar\u00e1s o le\u00e3o e a cobra; calcar\u00e1s aos p\u00e9s o filho do le\u00e3o e a serpente.<\/p>\n<p>14. Porquanto t\u00e3o encarecidamente me amou, tamb\u00e9m eu o livrarei; p\u00f4-lo-ei em retiro alto, porque conheceu o meu nome.<\/p>\n<p>15. Ele me invocar\u00e1, e eu lhe responderei; estarei com ele na ang\u00fastia; dela o retirarei e o glorificarei.<\/p>\n<p>16. Fart\u00e1-lo-ei com longura de dias e lhe mostrarei a minha salva\u00e7\u00e3o.<\/p>\n\n<p>Am\u00e9m<\/p>\n\n<p>\u00a0<\/p>\n\t\t\t\t\t\t\t\t<\/div>\n\t\t\t\t<\/div>\n\t\t\t\t\t<\/div>\n\t\t\t\t<\/div>\n\t\t\t\t<\/div>\n\t\t","protected":false},"excerpt":{"rendered":"<p>1. Aquele que habita no esconderijo do Alt\u00edssimo, \u00e0 sombra do Onipotente descansar\u00e1. 2. Direi do Senhor: Ele \u00e9 o meu Deus, o meu ref\u00fagio, a minha fortaleza, e nele confiarei. 3. Porque ele te livrar\u00e1 do la\u00e7o do passarinheiro e da peste perniciosa. 4. Ele te cobrir\u00e1 com as suas penas, e, debaixo das [&hellip;]<\/p>\n","protected":false},"author":1,"featured_media":0,"parent":0,"menu_order":0,"comment_status":"closed","ping_status":"closed","template":"","meta":{"_seopress_robots_primary_cat":"","_seopress_titles_title":"","_seopress_titles_desc":"","_seopress_robots_index":"","iawp_total_views":11,"footnotes":""},"class_list":["post-100","page","type-page","status-publish","hentry"],"_links":{"self":[{"href":"https:\/\/hopeforgabriel.com\/pt-br\/wp-json\/wp\/v2\/pages\/100","targetHints":{"allow":["GET"]}}],"collection":[{"href":"https:\/\/hopeforgabriel.com\/pt-br\/wp-json\/wp\/v2\/pages"}],"about":[{"href":"https:\/\/hopeforgabriel.com\/pt-br\/wp-json\/wp\/v2\/types\/page"}],"author":[{"embeddable":true,"href":"https:\/\/hopeforgabriel.com\/pt-br\/wp-json\/wp\/v2\/users\/1"}],"replies":[{"embeddable":true,"href":"https:\/\/hopeforgabriel.com\/pt-br\/wp-json\/wp\/v2\/comments?post=100"}],"version-history":[{"count":0,"href":"https:\/\/hopeforgabriel.com\/pt-br\/wp-json\/wp\/v2\/pages\/100\/revisions"}],"wp:attachment":[{"href":"https:\/\/hopeforgabriel.com\/pt-br\/wp-json\/wp\/v2\/media?parent=100"}],"curies":[{"name":"wp","href":"https:\/\/api.w.org\/{rel}","templated":true}]}}